{"id":69,"date":"2019-03-20T12:09:54","date_gmt":"2019-03-20T12:09:54","guid":{"rendered":"http:\/\/www.dino-odjeca.com\/?page_id=69"},"modified":"2020-04-16T18:31:09","modified_gmt":"2020-04-16T18:31:09","slug":"informacije","status":"publish","type":"page","link":"https:\/\/www.dino-odjeca.com\/?page_id=69","title":{"rendered":"Informacije"},"content":{"rendered":"\n<p>NARUD\u017dBE PROIZVODA NA MOB. 091 3363064<\/p>\n\n\n\n<p class=\"has-large-font-size\">Radno vrijeme<\/p>\n\n\n\n<p>Ponedjeljak &#8211; petak&nbsp;      08:00 &#8211; 20:00<\/p>\n\n\n\n<p>Subota                                08:00 &#8211; 14:00<\/p>\n\n\n\n<p>Nedjelja                              Zatvoreno  <\/p>\n\n\n\n<p><\/p>\n\n\n\n<p class=\"has-large-font-size\">Lokacija<\/p>\n\n\n\n<p>Posjetite nas u na\u0161oj prodavaonici u Samoboru( <strong>Ulica kralja Petra Kre\u0161imira IV 27<\/strong>). Nalazimo se na samom ulazu u grad iz smjera Zagreba. <\/p>\n\n\n\n<p>Uz to nas mo\u017eete prona\u0107i i na sajmovima u Hrvatskoj: <strong>Samobor, Zagreb, Labin, Pazin, \u017dminj<\/strong><\/p>\n","protected":false},"excerpt":{"rendered":"<p>NARUD\u017dBE PROIZVODA NA MOB. 091 3363064 Radno vrijeme Ponedjeljak &#8211; petak&nbsp; 08:00 &#8211; 20:00 Subota 08:00 &#8211; 14:00 Nedjelja Zatvoreno Lokacija Posjetite nas u na\u0161oj prodavaonici u Samoboru( Ulica kralja Petra Kre\u0161imira IV 27). Nalazimo se na samom ulazu u grad iz smjera Zagreba. Uz to nas mo\u017eete prona\u0107i i na sajmovima u Hrvatskoj: Samobor, [&hellip;]<\/p>\n","protected":false},"author":1,"featured_media":64,"parent":0,"menu_order":0,"comment_status":"closed","ping_status":"closed","template":"","meta":{"footnotes":""},"class_list":["post-69","page","type-page","status-publish","has-post-thumbnail","hentry"],"_links":{"self":[{"href":"https:\/\/www.dino-odjeca.com\/index.php?rest_route=\/wp\/v2\/pages\/69","targetHints":{"allow":["GET"]}}],"collection":[{"href":"https:\/\/www.dino-odjeca.com\/index.php?rest_route=\/wp\/v2\/pages"}],"about":[{"href":"https:\/\/www.dino-odjeca.com\/index.php?rest_route=\/wp\/v2\/types\/page"}],"author":[{"embeddable":true,"href":"https:\/\/www.dino-odjeca.com\/index.php?rest_route=\/wp\/v2\/users\/1"}],"replies":[{"embeddable":true,"href":"https:\/\/www.dino-odjeca.com\/index.php?rest_route=%2Fwp%2Fv2%2Fcomments&post=69"}],"version-history":[{"count":0,"href":"https:\/\/www.dino-odjeca.com\/index.php?rest_route=\/wp\/v2\/pages\/69\/revisions"}],"wp:featuredmedia":[{"embeddable":true,"href":"https:\/\/www.dino-odjeca.com\/index.php?rest_route=\/wp\/v2\/media\/64"}],"wp:attachment":[{"href":"https:\/\/www.dino-odjeca.com\/index.php?rest_route=%2Fwp%2Fv2%2Fmedia&parent=69"}],"curies":[{"name":"wp","href":"https:\/\/api.w.org\/{rel}","templated":true}]}}