{"id":1403,"date":"2021-01-05T11:14:45","date_gmt":"2021-01-05T11:14:45","guid":{"rendered":"https:\/\/www.dino-odjeca.com\/?post_type=product&#038;p=1403"},"modified":"2022-12-27T15:36:48","modified_gmt":"2022-12-27T15:36:48","slug":"komplet-baby-86","status":"publish","type":"product","link":"https:\/\/www.dino-odjeca.com\/?product=komplet-baby-86","title":{"rendered":"Komplet baby 86"},"content":{"rendered":"<p>Djecji komplet sa \u0161tikom dinosaura . Sastav materijala je 95 % pamuk i 5 % elastan. Jaknica sa kapulja\u010dom dugih rukava i pamu\u010dna trenirka.<\/p>\n","protected":false},"excerpt":{"rendered":"<p>Djecji komplet sa \u0161tikom dinosaura . Sastav materijala je 95 % pamuk i 5 % elastan. Jaknica sa kapulja\u010dom dugih rukava i pamu\u010dna trenirka.<\/p>\n","protected":false},"featured_media":1402,"comment_status":"open","ping_status":"closed","template":"","meta":[],"product_brand":[],"product_cat":[17],"product_tag":[],"class_list":{"0":"post-1403","1":"product","2":"type-product","3":"status-publish","4":"has-post-thumbnail","6":"product_cat-odjeca-za-bebe","8":"first","9":"instock","10":"taxable","11":"shipping-taxable","12":"purchasable","13":"product-type-simple"},"_links":{"self":[{"href":"https:\/\/www.dino-odjeca.com\/index.php?rest_route=\/wp\/v2\/product\/1403","targetHints":{"allow":["GET"]}}],"collection":[{"href":"https:\/\/www.dino-odjeca.com\/index.php?rest_route=\/wp\/v2\/product"}],"about":[{"href":"https:\/\/www.dino-odjeca.com\/index.php?rest_route=\/wp\/v2\/types\/product"}],"replies":[{"embeddable":true,"href":"https:\/\/www.dino-odjeca.com\/index.php?rest_route=%2Fwp%2Fv2%2Fcomments&post=1403"}],"wp:featuredmedia":[{"embeddable":true,"href":"https:\/\/www.dino-odjeca.com\/index.php?rest_route=\/wp\/v2\/media\/1402"}],"wp:attachment":[{"href":"https:\/\/www.dino-odjeca.com\/index.php?rest_route=%2Fwp%2Fv2%2Fmedia&parent=1403"}],"wp:term":[{"taxonomy":"product_brand","embeddable":true,"href":"https:\/\/www.dino-odjeca.com\/index.php?rest_route=%2Fwp%2Fv2%2Fproduct_brand&post=1403"},{"taxonomy":"product_cat","embeddable":true,"href":"https:\/\/www.dino-odjeca.com\/index.php?rest_route=%2Fwp%2Fv2%2Fproduct_cat&post=1403"},{"taxonomy":"product_tag","embeddable":true,"href":"https:\/\/www.dino-odjeca.com\/index.php?rest_route=%2Fwp%2Fv2%2Fproduct_tag&post=1403"}],"curies":[{"name":"wp","href":"https:\/\/api.w.org\/{rel}","templated":true}]}}