{"id":1572,"date":"2021-02-22T09:44:15","date_gmt":"2021-02-22T09:44:15","guid":{"rendered":"https:\/\/www.dino-odjeca.com\/?post_type=product&#038;p=1572"},"modified":"2026-04-14T19:13:08","modified_gmt":"2026-04-14T17:13:08","slug":"trenirka-zenska-7","status":"publish","type":"product","link":"https:\/\/www.dino-odjeca.com\/?product=trenirka-zenska-7","title":{"rendered":"\u017denska trenirka"},"content":{"rendered":"<p>TRENIRKA,\u00a0 gornji dio sa zatvara\u010dem.<\/p>\n<p>Jakna pink boje sa tamno plavim detaljima, zatvara\u010dem i d\u017eepovima.<\/p>\n<p>Renderi na rukavima i sa prakti\u010dnom vezicom.<\/p>\n<p>Sirovinski sastav 95% Pamuk 5% Elastin<\/p>\n<p>Odli\u010dan materijal za ugodno i trajno no\u0161enje.<br \/>\nPink gornji dio lijepo se kombinira na tamno plave hla\u010de koje mo\u017eete prona\u0107i u na\u0161oj u ponudi.<\/p>\n","protected":false},"excerpt":{"rendered":"<p>TRENIRKA,\u00a0 gornji dio sa zatvara\u010dem.<\/p>\n<p>Jakna pink boje sa tamno plavim detaljima, zatvara\u010dem i d\u017eepovima.<\/p>\n<p>Renderi na rukavima i sa prakti\u010dnom vezicom.<\/p>\n<p>Sirovinski sastav 95% Pamuk 5% Elastin<\/p>\n<p>Odli\u010dan materijal za ugodno i trajno no\u0161enje.<br \/>\nPink gornji dio lijepo se kombinira na tamno plave hla\u010de koje mo\u017eete prona\u0107i u na\u0161oj u ponudi.<\/p>\n","protected":false},"featured_media":1527,"comment_status":"closed","ping_status":"closed","template":"","meta":[],"product_brand":[],"product_cat":[19],"product_tag":[84],"class_list":{"0":"post-1572","1":"product","2":"type-product","3":"status-publish","4":"has-post-thumbnail","6":"product_cat-zensko-trenirke-hlace-majice-tajice-tunike","7":"product_tag-trenirka","9":"first","10":"instock","11":"taxable","12":"shipping-taxable","13":"purchasable","14":"product-type-variable"},"_links":{"self":[{"href":"https:\/\/www.dino-odjeca.com\/index.php?rest_route=\/wp\/v2\/product\/1572","targetHints":{"allow":["GET"]}}],"collection":[{"href":"https:\/\/www.dino-odjeca.com\/index.php?rest_route=\/wp\/v2\/product"}],"about":[{"href":"https:\/\/www.dino-odjeca.com\/index.php?rest_route=\/wp\/v2\/types\/product"}],"replies":[{"embeddable":true,"href":"https:\/\/www.dino-odjeca.com\/index.php?rest_route=%2Fwp%2Fv2%2Fcomments&post=1572"}],"wp:featuredmedia":[{"embeddable":true,"href":"https:\/\/www.dino-odjeca.com\/index.php?rest_route=\/wp\/v2\/media\/1527"}],"wp:attachment":[{"href":"https:\/\/www.dino-odjeca.com\/index.php?rest_route=%2Fwp%2Fv2%2Fmedia&parent=1572"}],"wp:term":[{"taxonomy":"product_brand","embeddable":true,"href":"https:\/\/www.dino-odjeca.com\/index.php?rest_route=%2Fwp%2Fv2%2Fproduct_brand&post=1572"},{"taxonomy":"product_cat","embeddable":true,"href":"https:\/\/www.dino-odjeca.com\/index.php?rest_route=%2Fwp%2Fv2%2Fproduct_cat&post=1572"},{"taxonomy":"product_tag","embeddable":true,"href":"https:\/\/www.dino-odjeca.com\/index.php?rest_route=%2Fwp%2Fv2%2Fproduct_tag&post=1572"}],"curies":[{"name":"wp","href":"https:\/\/api.w.org\/{rel}","templated":true}]}}