{"id":1699,"date":"2021-02-22T16:58:47","date_gmt":"2021-02-22T16:58:47","guid":{"rendered":"https:\/\/www.dino-odjeca.com\/?post_type=product&#038;p=1699"},"modified":"2022-12-28T11:53:53","modified_gmt":"2022-12-28T11:53:53","slug":"majica-hoodie","status":"publish","type":"product","link":"https:\/\/www.dino-odjeca.com\/?product=majica-hoodie","title":{"rendered":"Majica hoodie"},"content":{"rendered":"<p>Majica sa kapulja\u010dom-hudica, duksa ili jednostavno prakti\u010dna i udobna majica s kapulja\u010dom.\u00a0Moderan dizajna sa odabranim motivima i dva prednja d\u017eepa pru\u017ea mogu\u0107nost no\u0161enja u svakoj prilici.\u00a0 \u00a0 \u00a0 \u00a0 \u00a0 \u00a0 \u00a0 \u00a0 \u00a0 \u00a0 \u00a0 \u00a0 \u00a0 \u00a0 Izvezeni<strong> motivi<\/strong> na majici mo\u017ee biti <strong>po Va\u0161oj \u017eelji<\/strong> npr. Star Wars, Fortnite, Minecraft, Spiderman&#8230;<\/p>\n<p>Sirovinski sastav \u010de\u0161ljani pamuk 100% ili sa malo elastana (95% pamuk 5% elastan)<\/p>\n<p>NAPOMENA: za odabir \u017eeljenog motiva prilikom narod\u017ebe <strong>Dodajte napomenu svojoj narud\u017ebi<\/strong><\/p>\n","protected":false},"excerpt":{"rendered":"<p>Majica sa kapulja\u010dom-hudica, duksa ili jednostavno prakti\u010dna i udobna majica s kapulja\u010dom.\u00a0Moderan dizajna sa odabranim motivima i dva prednja d\u017eepa pru\u017ea mogu\u0107nost no\u0161enja u svakoj prilici.\u00a0 \u00a0 \u00a0 \u00a0 \u00a0 \u00a0 \u00a0 \u00a0 \u00a0 \u00a0 \u00a0 \u00a0 \u00a0 \u00a0 Izvezeni motivi na majici mo\u017ee biti po Va\u0161oj \u017eelji npr. Star Wars, Fortnite, Minecraft, Spiderman&#8230; Sirovinski [&hellip;]<\/p>\n","protected":false},"featured_media":1703,"comment_status":"closed","ping_status":"closed","template":"","meta":[],"product_brand":[],"product_cat":[18],"product_tag":[],"class_list":{"0":"post-1699","1":"product","2":"type-product","3":"status-publish","4":"has-post-thumbnail","6":"product_cat-djecaci-trenirke-donji-dio-trenirke-trenirke-za-djecu-pamucne-trenirke","8":"first","9":"instock","10":"taxable","11":"shipping-taxable","12":"purchasable","13":"product-type-variable"},"_links":{"self":[{"href":"https:\/\/www.dino-odjeca.com\/index.php?rest_route=\/wp\/v2\/product\/1699","targetHints":{"allow":["GET"]}}],"collection":[{"href":"https:\/\/www.dino-odjeca.com\/index.php?rest_route=\/wp\/v2\/product"}],"about":[{"href":"https:\/\/www.dino-odjeca.com\/index.php?rest_route=\/wp\/v2\/types\/product"}],"replies":[{"embeddable":true,"href":"https:\/\/www.dino-odjeca.com\/index.php?rest_route=%2Fwp%2Fv2%2Fcomments&post=1699"}],"wp:featuredmedia":[{"embeddable":true,"href":"https:\/\/www.dino-odjeca.com\/index.php?rest_route=\/wp\/v2\/media\/1703"}],"wp:attachment":[{"href":"https:\/\/www.dino-odjeca.com\/index.php?rest_route=%2Fwp%2Fv2%2Fmedia&parent=1699"}],"wp:term":[{"taxonomy":"product_brand","embeddable":true,"href":"https:\/\/www.dino-odjeca.com\/index.php?rest_route=%2Fwp%2Fv2%2Fproduct_brand&post=1699"},{"taxonomy":"product_cat","embeddable":true,"href":"https:\/\/www.dino-odjeca.com\/index.php?rest_route=%2Fwp%2Fv2%2Fproduct_cat&post=1699"},{"taxonomy":"product_tag","embeddable":true,"href":"https:\/\/www.dino-odjeca.com\/index.php?rest_route=%2Fwp%2Fv2%2Fproduct_tag&post=1699"}],"curies":[{"name":"wp","href":"https:\/\/api.w.org\/{rel}","templated":true}]}}