{"id":2350,"date":"2021-07-06T11:07:04","date_gmt":"2021-07-06T11:07:04","guid":{"rendered":"https:\/\/www.dino-odjeca.com\/?post_type=product&#038;p=2350"},"modified":"2023-06-01T11:35:06","modified_gmt":"2023-06-01T09:35:06","slug":"majica-4","status":"publish","type":"product","link":"https:\/\/www.dino-odjeca.com\/?product=majica-4","title":{"rendered":"Majica"},"content":{"rendered":"","protected":false},"excerpt":{"rendered":"<p><strong>Majice kratkih rukava<\/strong>\u00a0 maskirnog uzorka u plavoj boji savr\u0161ene su za<strong> dje\u010dake u pokretu<\/strong>. Idealne za aktivnosti u prirodi, posebno dizajnirane za\u00a0<strong>maksimalnu udobnost<\/strong>. U kombinaciji s hla\u010dama iz nove kolekcije, na\u0161e najdra\u017ee vjerno prate u avanturama na otvorenom.<\/p>\n<p>Sirovinski sastav: 100% Pamuk<\/p>\n<p><strong>Dino Collection<\/strong>\u00a0 ponosi se hrvatskom proizvodnjom i dizajnom uz najkvalitetnije prirodne materijale.<\/p>\n<p>&nbsp;<\/p>\n","protected":false},"featured_media":2301,"comment_status":"closed","ping_status":"closed","template":"","meta":[],"product_brand":[],"product_cat":[18],"product_tag":[97],"class_list":{"0":"post-2350","1":"product","2":"type-product","3":"status-publish","4":"has-post-thumbnail","6":"product_cat-djecaci-trenirke-donji-dio-trenirke-trenirke-za-djecu-pamucne-trenirke","7":"product_tag-majica-kratki-rukav","9":"first","10":"instock","11":"taxable","12":"shipping-taxable","13":"purchasable","14":"product-type-variable"},"_links":{"self":[{"href":"https:\/\/www.dino-odjeca.com\/index.php?rest_route=\/wp\/v2\/product\/2350","targetHints":{"allow":["GET"]}}],"collection":[{"href":"https:\/\/www.dino-odjeca.com\/index.php?rest_route=\/wp\/v2\/product"}],"about":[{"href":"https:\/\/www.dino-odjeca.com\/index.php?rest_route=\/wp\/v2\/types\/product"}],"replies":[{"embeddable":true,"href":"https:\/\/www.dino-odjeca.com\/index.php?rest_route=%2Fwp%2Fv2%2Fcomments&post=2350"}],"wp:featuredmedia":[{"embeddable":true,"href":"https:\/\/www.dino-odjeca.com\/index.php?rest_route=\/wp\/v2\/media\/2301"}],"wp:attachment":[{"href":"https:\/\/www.dino-odjeca.com\/index.php?rest_route=%2Fwp%2Fv2%2Fmedia&parent=2350"}],"wp:term":[{"taxonomy":"product_brand","embeddable":true,"href":"https:\/\/www.dino-odjeca.com\/index.php?rest_route=%2Fwp%2Fv2%2Fproduct_brand&post=2350"},{"taxonomy":"product_cat","embeddable":true,"href":"https:\/\/www.dino-odjeca.com\/index.php?rest_route=%2Fwp%2Fv2%2Fproduct_cat&post=2350"},{"taxonomy":"product_tag","embeddable":true,"href":"https:\/\/www.dino-odjeca.com\/index.php?rest_route=%2Fwp%2Fv2%2Fproduct_tag&post=2350"}],"curies":[{"name":"wp","href":"https:\/\/api.w.org\/{rel}","templated":true}]}}