{"id":313,"date":"2020-03-30T13:45:48","date_gmt":"2020-03-30T13:45:48","guid":{"rendered":"http:\/\/www.dino-odjeca.com\/?post_type=product&#038;p=313"},"modified":"2026-04-16T20:57:53","modified_gmt":"2026-04-16T18:57:53","slug":"hlace-zenske-sa-renderom","status":"publish","type":"product","link":"https:\/\/www.dino-odjeca.com\/?product=hlace-zenske-sa-renderom","title":{"rendered":"Hla\u010de \u017eenske sa renderom"},"content":{"rendered":"","protected":false},"excerpt":{"rendered":"<p>Hla\u010de \u017eenske od prirodnog materijala 95% Pamuk 5% Elastin<\/p>\n<p>Lijepog\u00a0 dubokog kroja sa d\u017eepovima i pasicom u struku i renderom na nogavicama.<\/p>\n<p>Udobne za svaku priliku.<\/p>\n<p>Dostupne u crnoj boji ,tamno plavo, tamno siva, melan\u017e plava, bijela i druge boje na upit.<\/p>\n","protected":false},"featured_media":1448,"comment_status":"closed","ping_status":"closed","template":"","meta":[],"product_brand":[],"product_cat":[19],"product_tag":[84,85],"class_list":{"0":"post-313","1":"product","2":"type-product","3":"status-publish","4":"has-post-thumbnail","6":"product_cat-zensko-trenirke-hlace-majice-tajice-tunike","7":"product_tag-trenirka","8":"product_tag-zenske-hlace-sa-renderom","10":"first","11":"instock","12":"taxable","13":"shipping-taxable","14":"purchasable","15":"product-type-variable"},"_links":{"self":[{"href":"https:\/\/www.dino-odjeca.com\/index.php?rest_route=\/wp\/v2\/product\/313","targetHints":{"allow":["GET"]}}],"collection":[{"href":"https:\/\/www.dino-odjeca.com\/index.php?rest_route=\/wp\/v2\/product"}],"about":[{"href":"https:\/\/www.dino-odjeca.com\/index.php?rest_route=\/wp\/v2\/types\/product"}],"replies":[{"embeddable":true,"href":"https:\/\/www.dino-odjeca.com\/index.php?rest_route=%2Fwp%2Fv2%2Fcomments&post=313"}],"wp:featuredmedia":[{"embeddable":true,"href":"https:\/\/www.dino-odjeca.com\/index.php?rest_route=\/wp\/v2\/media\/1448"}],"wp:attachment":[{"href":"https:\/\/www.dino-odjeca.com\/index.php?rest_route=%2Fwp%2Fv2%2Fmedia&parent=313"}],"wp:term":[{"taxonomy":"product_brand","embeddable":true,"href":"https:\/\/www.dino-odjeca.com\/index.php?rest_route=%2Fwp%2Fv2%2Fproduct_brand&post=313"},{"taxonomy":"product_cat","embeddable":true,"href":"https:\/\/www.dino-odjeca.com\/index.php?rest_route=%2Fwp%2Fv2%2Fproduct_cat&post=313"},{"taxonomy":"product_tag","embeddable":true,"href":"https:\/\/www.dino-odjeca.com\/index.php?rest_route=%2Fwp%2Fv2%2Fproduct_tag&post=313"}],"curies":[{"name":"wp","href":"https:\/\/api.w.org\/{rel}","templated":true}]}}