{"id":445,"date":"2020-04-20T16:44:54","date_gmt":"2020-04-20T16:44:54","guid":{"rendered":"https:\/\/www.dino-odjeca.com\/?post_type=product&#038;p=445"},"modified":"2023-11-02T12:30:35","modified_gmt":"2023-11-02T11:30:35","slug":"body-za-djecu","status":"publish","type":"product","link":"https:\/\/www.dino-odjeca.com\/?product=body-za-djecu","title":{"rendered":"Body za djecu"},"content":{"rendered":"","protected":false},"excerpt":{"rendered":"<p>Body za djecu sa raznim motivima za djevoj\u010dice i dje\u010dake.<\/p>\n<p>Izra\u0111uje se od mekanog \u010de\u0161ljanog 100% pamuka bio, veli\u010dinama od 56-104<\/p>\n<p>&nbsp;<\/p>\n","protected":false},"featured_media":451,"comment_status":"closed","ping_status":"closed","template":"","meta":[],"product_brand":[],"product_cat":[17],"product_tag":[],"class_list":{"0":"post-445","1":"product","2":"type-product","3":"status-publish","4":"has-post-thumbnail","6":"product_cat-odjeca-za-bebe","8":"first","9":"instock","10":"taxable","11":"shipping-taxable","12":"purchasable","13":"product-type-variable"},"_links":{"self":[{"href":"https:\/\/www.dino-odjeca.com\/index.php?rest_route=\/wp\/v2\/product\/445","targetHints":{"allow":["GET"]}}],"collection":[{"href":"https:\/\/www.dino-odjeca.com\/index.php?rest_route=\/wp\/v2\/product"}],"about":[{"href":"https:\/\/www.dino-odjeca.com\/index.php?rest_route=\/wp\/v2\/types\/product"}],"replies":[{"embeddable":true,"href":"https:\/\/www.dino-odjeca.com\/index.php?rest_route=%2Fwp%2Fv2%2Fcomments&post=445"}],"wp:featuredmedia":[{"embeddable":true,"href":"https:\/\/www.dino-odjeca.com\/index.php?rest_route=\/wp\/v2\/media\/451"}],"wp:attachment":[{"href":"https:\/\/www.dino-odjeca.com\/index.php?rest_route=%2Fwp%2Fv2%2Fmedia&parent=445"}],"wp:term":[{"taxonomy":"product_brand","embeddable":true,"href":"https:\/\/www.dino-odjeca.com\/index.php?rest_route=%2Fwp%2Fv2%2Fproduct_brand&post=445"},{"taxonomy":"product_cat","embeddable":true,"href":"https:\/\/www.dino-odjeca.com\/index.php?rest_route=%2Fwp%2Fv2%2Fproduct_cat&post=445"},{"taxonomy":"product_tag","embeddable":true,"href":"https:\/\/www.dino-odjeca.com\/index.php?rest_route=%2Fwp%2Fv2%2Fproduct_tag&post=445"}],"curies":[{"name":"wp","href":"https:\/\/api.w.org\/{rel}","templated":true}]}}