{"id":446,"date":"2020-04-20T15:54:38","date_gmt":"2020-04-20T15:54:38","guid":{"rendered":"https:\/\/www.dino-odjeca.com\/?post_type=product&#038;p=446"},"modified":"2024-12-07T06:32:10","modified_gmt":"2024-12-07T05:32:10","slug":"body-dugi-rukav","status":"publish","type":"product","link":"https:\/\/www.dino-odjeca.com\/?product=body-dugi-rukav","title":{"rendered":"Body dugi rukav 56-104"},"content":{"rendered":"<p>Dino Collection body, 100% pamuk, dugih rukava, kop\u010danje na drukere izme\u0111u nogica i s obje strane vratnog izreza zbog lak\u0161eg obla\u010denja.<\/p>\n<p>Veli\u010dine su: 56, 62, 68, 74, 80, 86, 2\/92, 3\/98, 4\/104 i ve\u0107e veli\u010dine po narud\u017ebi.<\/p>\n<p>Dostupno u vi\u0161e dezena i boja.<\/p>\n<p>Na Va\u0161 upit \u0161aljemo slike, dezena i boja trenutno dostupnih bodija u udre\u0111enoj veli\u010dini. Uvijek imamo nove boje i dezene.<\/p>\n<p>&nbsp;<\/p>\n<p><strong>Dino Collection<\/strong>\u00a0 ponosi se hrvatskom proizvodnjom i dizajnom uz najkvalitetnije prirodne materijale.<\/p>\n","protected":false},"excerpt":{"rendered":"<p>Dino Collection body, 100% pamuk, dugih rukava, kop\u010danje na drukere izme\u0111u nogica i s obje strane vratnog izreza zbog lak\u0161eg obla\u010denja. Veli\u010dine su: 56, 62, 68, 74, 80, 86, 2\/92, 3\/98, 4\/104 i ve\u0107e veli\u010dine po narud\u017ebi. Dostupno u vi\u0161e dezena i boja. Na Va\u0161 upit \u0161aljemo slike, dezena i boja trenutno dostupnih bodija u [&hellip;]<\/p>\n","protected":false},"featured_media":451,"comment_status":"open","ping_status":"closed","template":"","meta":[],"product_brand":[],"product_cat":[19],"product_tag":[99,98,100],"class_list":{"0":"post-446","1":"product","2":"type-product","3":"status-publish","4":"has-post-thumbnail","6":"product_cat-zensko-trenirke-hlace-majice-tajice-tunike","7":"product_tag-bodi","8":"product_tag-body-za-djecu","9":"product_tag-djecji-body","11":"first","12":"instock","13":"taxable","14":"shipping-taxable","15":"purchasable","16":"product-type-variable"},"_links":{"self":[{"href":"https:\/\/www.dino-odjeca.com\/index.php?rest_route=\/wp\/v2\/product\/446","targetHints":{"allow":["GET"]}}],"collection":[{"href":"https:\/\/www.dino-odjeca.com\/index.php?rest_route=\/wp\/v2\/product"}],"about":[{"href":"https:\/\/www.dino-odjeca.com\/index.php?rest_route=\/wp\/v2\/types\/product"}],"replies":[{"embeddable":true,"href":"https:\/\/www.dino-odjeca.com\/index.php?rest_route=%2Fwp%2Fv2%2Fcomments&post=446"}],"wp:featuredmedia":[{"embeddable":true,"href":"https:\/\/www.dino-odjeca.com\/index.php?rest_route=\/wp\/v2\/media\/451"}],"wp:attachment":[{"href":"https:\/\/www.dino-odjeca.com\/index.php?rest_route=%2Fwp%2Fv2%2Fmedia&parent=446"}],"wp:term":[{"taxonomy":"product_brand","embeddable":true,"href":"https:\/\/www.dino-odjeca.com\/index.php?rest_route=%2Fwp%2Fv2%2Fproduct_brand&post=446"},{"taxonomy":"product_cat","embeddable":true,"href":"https:\/\/www.dino-odjeca.com\/index.php?rest_route=%2Fwp%2Fv2%2Fproduct_cat&post=446"},{"taxonomy":"product_tag","embeddable":true,"href":"https:\/\/www.dino-odjeca.com\/index.php?rest_route=%2Fwp%2Fv2%2Fproduct_tag&post=446"}],"curies":[{"name":"wp","href":"https:\/\/api.w.org\/{rel}","templated":true}]}}