{"id":526,"date":"2020-04-29T07:49:14","date_gmt":"2020-04-29T07:49:14","guid":{"rendered":"https:\/\/www.dino-odjeca.com\/?post_type=product&#038;p=526"},"modified":"2026-04-10T20:41:20","modified_gmt":"2026-04-10T18:41:20","slug":"hlace-zenske-veliki-brojevi","status":"publish","type":"product","link":"https:\/\/www.dino-odjeca.com\/?product=hlace-zenske-veliki-brojevi","title":{"rendered":"Hla\u010de \u017eenske XXL, XXXL"},"content":{"rendered":"<p>Hla\u010de \u017eenske od prirodnog materijala 95% Pamuk 5% Elastin<\/p>\n<p>Lijepog, ravnog, dubokog kroja sa d\u017eepovima i pasicom u struku.<\/p>\n<p>Udobne za svaku priliku.<\/p>\n<p>Dostupne u crnoj boje: tamno plava, tamno siva, melan\u017e plava, bijela, crvena.<\/p>\n<p>&nbsp;<\/p>\n","protected":false},"excerpt":{"rendered":"<p>Hla\u010de \u017eenske od prirodnog materijala 95% Pamuk 5% Elastin Lijepog, ravnog, dubokog kroja sa d\u017eepovima i pasicom u struku. Udobne za svaku priliku. Dostupne u crnoj boje: tamno plava, tamno siva, melan\u017e plava, bijela, crvena. &nbsp;<\/p>\n","protected":false},"featured_media":848,"comment_status":"open","ping_status":"closed","template":"","meta":[],"product_brand":[],"product_cat":[19],"product_tag":[],"class_list":{"0":"post-526","1":"product","2":"type-product","3":"status-publish","4":"has-post-thumbnail","6":"product_cat-zensko-trenirke-hlace-majice-tajice-tunike","8":"first","9":"instock","10":"taxable","11":"shipping-taxable","12":"purchasable","13":"product-type-variable"},"_links":{"self":[{"href":"https:\/\/www.dino-odjeca.com\/index.php?rest_route=\/wp\/v2\/product\/526","targetHints":{"allow":["GET"]}}],"collection":[{"href":"https:\/\/www.dino-odjeca.com\/index.php?rest_route=\/wp\/v2\/product"}],"about":[{"href":"https:\/\/www.dino-odjeca.com\/index.php?rest_route=\/wp\/v2\/types\/product"}],"replies":[{"embeddable":true,"href":"https:\/\/www.dino-odjeca.com\/index.php?rest_route=%2Fwp%2Fv2%2Fcomments&post=526"}],"wp:featuredmedia":[{"embeddable":true,"href":"https:\/\/www.dino-odjeca.com\/index.php?rest_route=\/wp\/v2\/media\/848"}],"wp:attachment":[{"href":"https:\/\/www.dino-odjeca.com\/index.php?rest_route=%2Fwp%2Fv2%2Fmedia&parent=526"}],"wp:term":[{"taxonomy":"product_brand","embeddable":true,"href":"https:\/\/www.dino-odjeca.com\/index.php?rest_route=%2Fwp%2Fv2%2Fproduct_brand&post=526"},{"taxonomy":"product_cat","embeddable":true,"href":"https:\/\/www.dino-odjeca.com\/index.php?rest_route=%2Fwp%2Fv2%2Fproduct_cat&post=526"},{"taxonomy":"product_tag","embeddable":true,"href":"https:\/\/www.dino-odjeca.com\/index.php?rest_route=%2Fwp%2Fv2%2Fproduct_tag&post=526"}],"curies":[{"name":"wp","href":"https:\/\/api.w.org\/{rel}","templated":true}]}}