{"id":530,"date":"2020-04-29T15:07:13","date_gmt":"2020-04-29T15:07:13","guid":{"rendered":"https:\/\/www.dino-odjeca.com\/?post_type=product&#038;p=530"},"modified":"2025-07-20T14:40:10","modified_gmt":"2025-07-20T12:40:10","slug":"bermude-za-djecake-2","status":"publish","type":"product","link":"https:\/\/www.dino-odjeca.com\/?product=bermude-za-djecake-2","title":{"rendered":"Bermude za dje\u010dake"},"content":{"rendered":"","protected":false},"excerpt":{"rendered":"<p>Kapri hla\u010de, maskirni uzorak.<\/p>\n<p>Sirovinski sastav: 95% Pamuk\u00a0 5% Elastin<\/p>\n<p>Hla\u010de lijepog dizajna s d\u017eepovima izra\u0111ene od vrlo kvalitetnog materijala, trajne i ugodne za no\u0161enje.<\/p>\n","protected":false},"featured_media":2207,"comment_status":"closed","ping_status":"closed","template":"","meta":[],"product_brand":[],"product_cat":[18],"product_tag":[],"class_list":{"0":"post-530","1":"product","2":"type-product","3":"status-publish","4":"has-post-thumbnail","6":"product_cat-djecaci-trenirke-donji-dio-trenirke-trenirke-za-djecu-pamucne-trenirke","8":"first","9":"instock","10":"sold-individually","11":"taxable","12":"shipping-taxable","13":"purchasable","14":"product-type-variable"},"_links":{"self":[{"href":"https:\/\/www.dino-odjeca.com\/index.php?rest_route=\/wp\/v2\/product\/530","targetHints":{"allow":["GET"]}}],"collection":[{"href":"https:\/\/www.dino-odjeca.com\/index.php?rest_route=\/wp\/v2\/product"}],"about":[{"href":"https:\/\/www.dino-odjeca.com\/index.php?rest_route=\/wp\/v2\/types\/product"}],"replies":[{"embeddable":true,"href":"https:\/\/www.dino-odjeca.com\/index.php?rest_route=%2Fwp%2Fv2%2Fcomments&post=530"}],"wp:featuredmedia":[{"embeddable":true,"href":"https:\/\/www.dino-odjeca.com\/index.php?rest_route=\/wp\/v2\/media\/2207"}],"wp:attachment":[{"href":"https:\/\/www.dino-odjeca.com\/index.php?rest_route=%2Fwp%2Fv2%2Fmedia&parent=530"}],"wp:term":[{"taxonomy":"product_brand","embeddable":true,"href":"https:\/\/www.dino-odjeca.com\/index.php?rest_route=%2Fwp%2Fv2%2Fproduct_brand&post=530"},{"taxonomy":"product_cat","embeddable":true,"href":"https:\/\/www.dino-odjeca.com\/index.php?rest_route=%2Fwp%2Fv2%2Fproduct_cat&post=530"},{"taxonomy":"product_tag","embeddable":true,"href":"https:\/\/www.dino-odjeca.com\/index.php?rest_route=%2Fwp%2Fv2%2Fproduct_tag&post=530"}],"curies":[{"name":"wp","href":"https:\/\/api.w.org\/{rel}","templated":true}]}}