{"id":550,"date":"2020-04-29T17:42:16","date_gmt":"2020-04-29T17:42:16","guid":{"rendered":"https:\/\/www.dino-odjeca.com\/?post_type=product&#038;p=550"},"modified":"2026-04-14T19:38:13","modified_gmt":"2026-04-14T17:38:13","slug":"trenirka-zenska-lila-s-xl-kopiraj","status":"publish","type":"product","link":"https:\/\/www.dino-odjeca.com\/?product=trenirka-zenska-lila-s-xl-kopiraj","title":{"rendered":"Trenirka \u017eenska XXL, XXXL"},"content":{"rendered":"","protected":false},"excerpt":{"rendered":"<p>TRENIRKA,\u00a0 gornji dio sa zatvara\u010dem.<\/p>\n<p>Jakna LILA boje sa tamno plavim crtama i d\u017eepovima.<\/p>\n<p>Renderi na rukavima i sa prakti\u010dnom vezicom.<\/p>\n<p>Sirovinski sastav 95% Pamuk 5% Elastin<\/p>\n<p>Odli\u010dan materijal za ugodno i trajno no\u0161enje.<\/p>\n<h4>Lila boja ponovno \u0107e biti jedna od najpopularnijih boja ove sezone.<\/h4>\n<h4><strong>Lila boja<\/strong> ima umiruju\u0107 efekt, poti\u010de kreativnost i evocira romantiku, sve ono \u0161to nam donose topliji dani.<\/h4>\n","protected":false},"featured_media":546,"comment_status":"open","ping_status":"closed","template":"","meta":[],"product_brand":[],"product_cat":[19],"product_tag":[],"class_list":{"0":"post-550","1":"product","2":"type-product","3":"status-publish","4":"has-post-thumbnail","6":"product_cat-zensko-trenirke-hlace-majice-tajice-tunike","8":"first","9":"instock","10":"taxable","11":"shipping-taxable","12":"purchasable","13":"product-type-variable"},"_links":{"self":[{"href":"https:\/\/www.dino-odjeca.com\/index.php?rest_route=\/wp\/v2\/product\/550","targetHints":{"allow":["GET"]}}],"collection":[{"href":"https:\/\/www.dino-odjeca.com\/index.php?rest_route=\/wp\/v2\/product"}],"about":[{"href":"https:\/\/www.dino-odjeca.com\/index.php?rest_route=\/wp\/v2\/types\/product"}],"replies":[{"embeddable":true,"href":"https:\/\/www.dino-odjeca.com\/index.php?rest_route=%2Fwp%2Fv2%2Fcomments&post=550"}],"wp:featuredmedia":[{"embeddable":true,"href":"https:\/\/www.dino-odjeca.com\/index.php?rest_route=\/wp\/v2\/media\/546"}],"wp:attachment":[{"href":"https:\/\/www.dino-odjeca.com\/index.php?rest_route=%2Fwp%2Fv2%2Fmedia&parent=550"}],"wp:term":[{"taxonomy":"product_brand","embeddable":true,"href":"https:\/\/www.dino-odjeca.com\/index.php?rest_route=%2Fwp%2Fv2%2Fproduct_brand&post=550"},{"taxonomy":"product_cat","embeddable":true,"href":"https:\/\/www.dino-odjeca.com\/index.php?rest_route=%2Fwp%2Fv2%2Fproduct_cat&post=550"},{"taxonomy":"product_tag","embeddable":true,"href":"https:\/\/www.dino-odjeca.com\/index.php?rest_route=%2Fwp%2Fv2%2Fproduct_tag&post=550"}],"curies":[{"name":"wp","href":"https:\/\/api.w.org\/{rel}","templated":true}]}}