{"id":593,"date":"2020-05-06T10:12:04","date_gmt":"2020-05-06T10:12:04","guid":{"rendered":"https:\/\/www.dino-odjeca.com\/?post_type=product&#038;p=593"},"modified":"2023-11-02T12:30:05","modified_gmt":"2023-11-02T11:30:05","slug":"tajice","status":"publish","type":"product","link":"https:\/\/www.dino-odjeca.com\/?product=tajice","title":{"rendered":"Tajice, motiv unicorn"},"content":{"rendered":"<p>Tajice sa jednorogom siva podloga.<br \/>\nTajice za djevoj\u010dice izra\u0111ene su od izrazito kvalitetnog pamu\u010dnog elasti\u010dnog jerseya, debljine pogodne za no\u0161enje u ljeto, prolje\u0107e i jesen.<\/p>\n<p>Jednostavne i udobne za no\u0161enje svaki dan, te za kombiniranje sa majicama, tunikama i haljinama.<\/p>\n<p>Sirovinski sastav: 95% Pamuk 5% Elastan<\/p>\n","protected":false},"excerpt":{"rendered":"<p>Tajice sa jednorogom siva podloga. Tajice za djevoj\u010dice izra\u0111ene su od izrazito kvalitetnog pamu\u010dnog elasti\u010dnog jerseya, debljine pogodne za no\u0161enje u ljeto, prolje\u0107e i jesen. Jednostavne i udobne za no\u0161enje svaki dan, te za kombiniranje sa majicama, tunikama i haljinama. Sirovinski sastav: 95% Pamuk 5% Elastan<\/p>\n","protected":false},"featured_media":1180,"comment_status":"open","ping_status":"closed","template":"","meta":[],"product_brand":[],"product_cat":[20],"product_tag":[],"class_list":{"0":"post-593","1":"product","2":"type-product","3":"status-publish","4":"has-post-thumbnail","6":"product_cat-djevojcice","8":"first","9":"instock","10":"taxable","11":"shipping-taxable","12":"purchasable","13":"product-type-variable"},"_links":{"self":[{"href":"https:\/\/www.dino-odjeca.com\/index.php?rest_route=\/wp\/v2\/product\/593","targetHints":{"allow":["GET"]}}],"collection":[{"href":"https:\/\/www.dino-odjeca.com\/index.php?rest_route=\/wp\/v2\/product"}],"about":[{"href":"https:\/\/www.dino-odjeca.com\/index.php?rest_route=\/wp\/v2\/types\/product"}],"replies":[{"embeddable":true,"href":"https:\/\/www.dino-odjeca.com\/index.php?rest_route=%2Fwp%2Fv2%2Fcomments&post=593"}],"wp:featuredmedia":[{"embeddable":true,"href":"https:\/\/www.dino-odjeca.com\/index.php?rest_route=\/wp\/v2\/media\/1180"}],"wp:attachment":[{"href":"https:\/\/www.dino-odjeca.com\/index.php?rest_route=%2Fwp%2Fv2%2Fmedia&parent=593"}],"wp:term":[{"taxonomy":"product_brand","embeddable":true,"href":"https:\/\/www.dino-odjeca.com\/index.php?rest_route=%2Fwp%2Fv2%2Fproduct_brand&post=593"},{"taxonomy":"product_cat","embeddable":true,"href":"https:\/\/www.dino-odjeca.com\/index.php?rest_route=%2Fwp%2Fv2%2Fproduct_cat&post=593"},{"taxonomy":"product_tag","embeddable":true,"href":"https:\/\/www.dino-odjeca.com\/index.php?rest_route=%2Fwp%2Fv2%2Fproduct_tag&post=593"}],"curies":[{"name":"wp","href":"https:\/\/api.w.org\/{rel}","templated":true}]}}