{"id":737,"date":"2020-05-06T11:34:07","date_gmt":"2020-05-06T11:34:07","guid":{"rendered":"https:\/\/www.dino-odjeca.com\/?post_type=product&#038;p=737"},"modified":"2025-07-20T14:30:56","modified_gmt":"2025-07-20T12:30:56","slug":"bermude-za-djecake-3","status":"publish","type":"product","link":"https:\/\/www.dino-odjeca.com\/?product=bermude-za-djecake-3","title":{"rendered":"Bermude za dje\u010dake"},"content":{"rendered":"<p>Bermude za dje\u010dake sa d\u017eepovima i izvezenim motivom &#8220;SF&#8221;<\/p>\n<p>Sirovinski sastav:100% Pamuk<\/p>\n<p>Hla\u010de lijepog dizajna sa d\u017eepovima izra\u0111ene od vrlo kvalitetnog materijala, trajne i ugodne za no\u0161enje.<\/p>\n","protected":false},"excerpt":{"rendered":"<p>Bermude za dje\u010dake sa d\u017eepovima i izvezenim motivom &#8220;SF&#8221;<\/p>\n<p>Sirovinski sastav:100% Pamuk<\/p>\n<p>Hla\u010de lijepog dizajna sa d\u017eepovima izra\u0111ene od vrlo kvalitetnog materijala, trajne i ugodne za no\u0161enje.<\/p>\n","protected":false},"featured_media":605,"comment_status":"closed","ping_status":"closed","template":"","meta":[],"product_brand":[],"product_cat":[18],"product_tag":[],"class_list":{"0":"post-737","1":"product","2":"type-product","3":"status-publish","4":"has-post-thumbnail","6":"product_cat-djecaci-trenirke-donji-dio-trenirke-trenirke-za-djecu-pamucne-trenirke","8":"first","9":"instock","10":"taxable","11":"shipping-taxable","12":"purchasable","13":"product-type-variable"},"_links":{"self":[{"href":"https:\/\/www.dino-odjeca.com\/index.php?rest_route=\/wp\/v2\/product\/737","targetHints":{"allow":["GET"]}}],"collection":[{"href":"https:\/\/www.dino-odjeca.com\/index.php?rest_route=\/wp\/v2\/product"}],"about":[{"href":"https:\/\/www.dino-odjeca.com\/index.php?rest_route=\/wp\/v2\/types\/product"}],"replies":[{"embeddable":true,"href":"https:\/\/www.dino-odjeca.com\/index.php?rest_route=%2Fwp%2Fv2%2Fcomments&post=737"}],"wp:featuredmedia":[{"embeddable":true,"href":"https:\/\/www.dino-odjeca.com\/index.php?rest_route=\/wp\/v2\/media\/605"}],"wp:attachment":[{"href":"https:\/\/www.dino-odjeca.com\/index.php?rest_route=%2Fwp%2Fv2%2Fmedia&parent=737"}],"wp:term":[{"taxonomy":"product_brand","embeddable":true,"href":"https:\/\/www.dino-odjeca.com\/index.php?rest_route=%2Fwp%2Fv2%2Fproduct_brand&post=737"},{"taxonomy":"product_cat","embeddable":true,"href":"https:\/\/www.dino-odjeca.com\/index.php?rest_route=%2Fwp%2Fv2%2Fproduct_cat&post=737"},{"taxonomy":"product_tag","embeddable":true,"href":"https:\/\/www.dino-odjeca.com\/index.php?rest_route=%2Fwp%2Fv2%2Fproduct_tag&post=737"}],"curies":[{"name":"wp","href":"https:\/\/api.w.org\/{rel}","templated":true}]}}