{"id":756,"date":"2020-05-06T11:44:58","date_gmt":"2020-05-06T11:44:58","guid":{"rendered":"https:\/\/www.dino-odjeca.com\/?post_type=product&#038;p=756"},"modified":"2025-07-20T14:10:15","modified_gmt":"2025-07-20T12:10:15","slug":"bermude-za-djecake-4","status":"publish","type":"product","link":"https:\/\/www.dino-odjeca.com\/?product=bermude-za-djecake-4","title":{"rendered":"Bermude za dje\u010dake"},"content":{"rendered":"","protected":false},"excerpt":{"rendered":"<p>Bermude za dje\u010dake sa d\u017eepovima i izvezenim motivom &#8220;spider&#8221;.<\/p>\n<p>Sirovinski sastav:100% Pamuk<\/p>\n<p>Hla\u010de lijepog dizajna s d\u017eepovima izra\u0111ene od vrlo kvalitetnog materijala, trajne i ugodne za no\u0161enje.<\/p>\n","protected":false},"featured_media":606,"comment_status":"closed","ping_status":"closed","template":"","meta":[],"product_brand":[],"product_cat":[18],"product_tag":[],"class_list":{"0":"post-756","1":"product","2":"type-product","3":"status-publish","4":"has-post-thumbnail","6":"product_cat-djecaci-trenirke-donji-dio-trenirke-trenirke-za-djecu-pamucne-trenirke","8":"first","9":"instock","10":"sold-individually","11":"taxable","12":"shipping-taxable","13":"purchasable","14":"product-type-variable"},"_links":{"self":[{"href":"https:\/\/www.dino-odjeca.com\/index.php?rest_route=\/wp\/v2\/product\/756","targetHints":{"allow":["GET"]}}],"collection":[{"href":"https:\/\/www.dino-odjeca.com\/index.php?rest_route=\/wp\/v2\/product"}],"about":[{"href":"https:\/\/www.dino-odjeca.com\/index.php?rest_route=\/wp\/v2\/types\/product"}],"replies":[{"embeddable":true,"href":"https:\/\/www.dino-odjeca.com\/index.php?rest_route=%2Fwp%2Fv2%2Fcomments&post=756"}],"wp:featuredmedia":[{"embeddable":true,"href":"https:\/\/www.dino-odjeca.com\/index.php?rest_route=\/wp\/v2\/media\/606"}],"wp:attachment":[{"href":"https:\/\/www.dino-odjeca.com\/index.php?rest_route=%2Fwp%2Fv2%2Fmedia&parent=756"}],"wp:term":[{"taxonomy":"product_brand","embeddable":true,"href":"https:\/\/www.dino-odjeca.com\/index.php?rest_route=%2Fwp%2Fv2%2Fproduct_brand&post=756"},{"taxonomy":"product_cat","embeddable":true,"href":"https:\/\/www.dino-odjeca.com\/index.php?rest_route=%2Fwp%2Fv2%2Fproduct_cat&post=756"},{"taxonomy":"product_tag","embeddable":true,"href":"https:\/\/www.dino-odjeca.com\/index.php?rest_route=%2Fwp%2Fv2%2Fproduct_tag&post=756"}],"curies":[{"name":"wp","href":"https:\/\/api.w.org\/{rel}","templated":true}]}}