{"id":768,"date":"2020-05-06T15:39:32","date_gmt":"2020-05-06T15:39:32","guid":{"rendered":"https:\/\/www.dino-odjeca.com\/?post_type=product&#038;p=768"},"modified":"2025-07-20T14:24:28","modified_gmt":"2025-07-20T12:24:28","slug":"tajice-zenske-7-8","status":"publish","type":"product","link":"https:\/\/www.dino-odjeca.com\/?product=tajice-zenske-7-8","title":{"rendered":"Tajice \u017eenske 7\/8"},"content":{"rendered":"<p>Tajice \u017eenske 7\/8<br \/>\nSirovinski sastav: 95% Pamuk 5% Elastan -daje posebnu ugodnost no\u0161enja.<\/p>\n<p>Nekada malo popularan odjevni predmet, a dana\u0161njih dana komad odje\u0107e bez kojeg se jednostavno ne mo\u017ee, tajice definitivno jesu iznimno zanimljiv komad odje\u0107e. Otkako su u posljednjih desetak godina naglo dobile na popularnosti, izbor se tako\u0111er naglo pro\u0161irio, pa danas mo\u017eete birati izme\u0111u doslovce milijuna boja, uzoraka i stilova. No, svima je njima zajedni\u010dko to da se radi o donjem dijelu koji je nevjerojatno prakti\u010dan i svestran. Tajice mo\u017eete nositi za po doma, u teretanu, na tr\u010danje, ali i na fakultet ili \u010dak posao! Zato ve\u0107ina \u017eena u svojem \u201earsenalu\u201c ima pokoji par tajica \u2013 nikad se ne zna kad bi mogle zatrebati.<\/p>\n","protected":false},"excerpt":{"rendered":"<p>Tajice \u017eenske 7\/8 Sirovinski sastav: 95% Pamuk 5% Elastan -daje posebnu ugodnost no\u0161enja. Nekada malo popularan odjevni predmet, a dana\u0161njih dana komad odje\u0107e bez kojeg se jednostavno ne mo\u017ee, tajice definitivno jesu iznimno zanimljiv komad odje\u0107e. Otkako su u posljednjih desetak godina naglo dobile na popularnosti, izbor se tako\u0111er naglo pro\u0161irio, pa danas mo\u017eete birati [&hellip;]<\/p>\n","protected":false},"featured_media":767,"comment_status":"open","ping_status":"closed","template":"","meta":[],"product_brand":[],"product_cat":[19],"product_tag":[],"class_list":{"0":"post-768","1":"product","2":"type-product","3":"status-publish","4":"has-post-thumbnail","6":"product_cat-zensko-trenirke-hlace-majice-tajice-tunike","8":"first","9":"instock","10":"taxable","11":"shipping-taxable","12":"purchasable","13":"product-type-variable"},"_links":{"self":[{"href":"https:\/\/www.dino-odjeca.com\/index.php?rest_route=\/wp\/v2\/product\/768","targetHints":{"allow":["GET"]}}],"collection":[{"href":"https:\/\/www.dino-odjeca.com\/index.php?rest_route=\/wp\/v2\/product"}],"about":[{"href":"https:\/\/www.dino-odjeca.com\/index.php?rest_route=\/wp\/v2\/types\/product"}],"replies":[{"embeddable":true,"href":"https:\/\/www.dino-odjeca.com\/index.php?rest_route=%2Fwp%2Fv2%2Fcomments&post=768"}],"wp:featuredmedia":[{"embeddable":true,"href":"https:\/\/www.dino-odjeca.com\/index.php?rest_route=\/wp\/v2\/media\/767"}],"wp:attachment":[{"href":"https:\/\/www.dino-odjeca.com\/index.php?rest_route=%2Fwp%2Fv2%2Fmedia&parent=768"}],"wp:term":[{"taxonomy":"product_brand","embeddable":true,"href":"https:\/\/www.dino-odjeca.com\/index.php?rest_route=%2Fwp%2Fv2%2Fproduct_brand&post=768"},{"taxonomy":"product_cat","embeddable":true,"href":"https:\/\/www.dino-odjeca.com\/index.php?rest_route=%2Fwp%2Fv2%2Fproduct_cat&post=768"},{"taxonomy":"product_tag","embeddable":true,"href":"https:\/\/www.dino-odjeca.com\/index.php?rest_route=%2Fwp%2Fv2%2Fproduct_tag&post=768"}],"curies":[{"name":"wp","href":"https:\/\/api.w.org\/{rel}","templated":true}]}}