{"id":770,"date":"2020-05-06T15:44:23","date_gmt":"2020-05-06T15:44:23","guid":{"rendered":"https:\/\/www.dino-odjeca.com\/?post_type=product&#038;p=770"},"modified":"2025-07-20T14:16:13","modified_gmt":"2025-07-20T12:16:13","slug":"tajice-zenske","status":"publish","type":"product","link":"https:\/\/www.dino-odjeca.com\/?product=tajice-zenske","title":{"rendered":"Tajice \u017eenske"},"content":{"rendered":"<p>Tajice \u017eenske<\/p>\n<p>Tajice od mje\u0161avine pamuka i elastana kao modni odjevni predmet. Mogu biti raznih boja i du\u017eina. U 2020. godini, tajice su ponovo postale dio visoke i svakodnevne mode. Trend se nastavio 2021. godine. Naj\u010de\u0161\u0107e se nose u kombinaciji s majicama, tunikama, mini-suknjama, haljinama u svim prilikama.<\/p>\n<p>Sirovinski sastav: 95% Pamuk 5% Elastan<\/p>\n<p>Posebna ugodnost no\u0161enja pamu\u010dnih tajica.<\/p>\n","protected":false},"excerpt":{"rendered":"<p>Tajice \u017eenske Tajice od mje\u0161avine pamuka i elastana kao modni odjevni predmet. Mogu biti raznih boja i du\u017eina. U 2020. godini, tajice su ponovo postale dio visoke i svakodnevne mode. Trend se nastavio 2021. godine. Naj\u010de\u0161\u0107e se nose u kombinaciji s majicama, tunikama, mini-suknjama, haljinama u svim prilikama. Sirovinski sastav: 95% Pamuk 5% Elastan Posebna [&hellip;]<\/p>\n","protected":false},"featured_media":773,"comment_status":"open","ping_status":"closed","template":"","meta":[],"product_brand":[],"product_cat":[19],"product_tag":[],"class_list":{"0":"post-770","1":"product","2":"type-product","3":"status-publish","4":"has-post-thumbnail","6":"product_cat-zensko-trenirke-hlace-majice-tajice-tunike","8":"first","9":"instock","10":"taxable","11":"shipping-taxable","12":"purchasable","13":"product-type-variable"},"_links":{"self":[{"href":"https:\/\/www.dino-odjeca.com\/index.php?rest_route=\/wp\/v2\/product\/770","targetHints":{"allow":["GET"]}}],"collection":[{"href":"https:\/\/www.dino-odjeca.com\/index.php?rest_route=\/wp\/v2\/product"}],"about":[{"href":"https:\/\/www.dino-odjeca.com\/index.php?rest_route=\/wp\/v2\/types\/product"}],"replies":[{"embeddable":true,"href":"https:\/\/www.dino-odjeca.com\/index.php?rest_route=%2Fwp%2Fv2%2Fcomments&post=770"}],"wp:featuredmedia":[{"embeddable":true,"href":"https:\/\/www.dino-odjeca.com\/index.php?rest_route=\/wp\/v2\/media\/773"}],"wp:attachment":[{"href":"https:\/\/www.dino-odjeca.com\/index.php?rest_route=%2Fwp%2Fv2%2Fmedia&parent=770"}],"wp:term":[{"taxonomy":"product_brand","embeddable":true,"href":"https:\/\/www.dino-odjeca.com\/index.php?rest_route=%2Fwp%2Fv2%2Fproduct_brand&post=770"},{"taxonomy":"product_cat","embeddable":true,"href":"https:\/\/www.dino-odjeca.com\/index.php?rest_route=%2Fwp%2Fv2%2Fproduct_cat&post=770"},{"taxonomy":"product_tag","embeddable":true,"href":"https:\/\/www.dino-odjeca.com\/index.php?rest_route=%2Fwp%2Fv2%2Fproduct_tag&post=770"}],"curies":[{"name":"wp","href":"https:\/\/api.w.org\/{rel}","templated":true}]}}