{"id":800,"date":"2020-05-07T11:05:31","date_gmt":"2020-05-07T11:05:31","guid":{"rendered":"https:\/\/www.dino-odjeca.com\/?post_type=product&#038;p=800"},"modified":"2022-12-28T12:35:00","modified_gmt":"2022-12-28T12:35:00","slug":"majica-zenska","status":"publish","type":"product","link":"https:\/\/www.dino-odjeca.com\/?product=majica-zenska","title":{"rendered":"Majica \u017eenska"},"content":{"rendered":"<p>Majica \u017eenska 100% Pamuk<br \/>\nIzra\u0111ena od \u010de\u0161ljanog pamuka visoke kvalitete.<br \/>\nUgodna i postojana u no\u0161enju.<br \/>\nMajice su okruglog ili V izreza jednobojne ili sa izvezenim \u017eenstvenim motivima.<\/p>\n","protected":false},"excerpt":{"rendered":"<p>Majica \u017eenska 100% Pamuk Izra\u0111ena od \u010de\u0161ljanog pamuka visoke kvalitete. Ugodna i postojana u no\u0161enju. Majice su okruglog ili V izreza jednobojne ili sa izvezenim \u017eenstvenim motivima.<\/p>\n","protected":false},"featured_media":801,"comment_status":"open","ping_status":"closed","template":"","meta":[],"product_brand":[],"product_cat":[19],"product_tag":[],"class_list":{"0":"post-800","1":"product","2":"type-product","3":"status-publish","4":"has-post-thumbnail","6":"product_cat-zensko-trenirke-hlace-majice-tajice-tunike","8":"first","9":"instock","10":"taxable","11":"shipping-taxable","12":"purchasable","13":"product-type-variable"},"_links":{"self":[{"href":"https:\/\/www.dino-odjeca.com\/index.php?rest_route=\/wp\/v2\/product\/800","targetHints":{"allow":["GET"]}}],"collection":[{"href":"https:\/\/www.dino-odjeca.com\/index.php?rest_route=\/wp\/v2\/product"}],"about":[{"href":"https:\/\/www.dino-odjeca.com\/index.php?rest_route=\/wp\/v2\/types\/product"}],"replies":[{"embeddable":true,"href":"https:\/\/www.dino-odjeca.com\/index.php?rest_route=%2Fwp%2Fv2%2Fcomments&post=800"}],"wp:featuredmedia":[{"embeddable":true,"href":"https:\/\/www.dino-odjeca.com\/index.php?rest_route=\/wp\/v2\/media\/801"}],"wp:attachment":[{"href":"https:\/\/www.dino-odjeca.com\/index.php?rest_route=%2Fwp%2Fv2%2Fmedia&parent=800"}],"wp:term":[{"taxonomy":"product_brand","embeddable":true,"href":"https:\/\/www.dino-odjeca.com\/index.php?rest_route=%2Fwp%2Fv2%2Fproduct_brand&post=800"},{"taxonomy":"product_cat","embeddable":true,"href":"https:\/\/www.dino-odjeca.com\/index.php?rest_route=%2Fwp%2Fv2%2Fproduct_cat&post=800"},{"taxonomy":"product_tag","embeddable":true,"href":"https:\/\/www.dino-odjeca.com\/index.php?rest_route=%2Fwp%2Fv2%2Fproduct_tag&post=800"}],"curies":[{"name":"wp","href":"https:\/\/api.w.org\/{rel}","templated":true}]}}