{"id":857,"date":"2020-05-09T08:00:17","date_gmt":"2020-05-09T08:00:17","guid":{"rendered":"https:\/\/www.dino-odjeca.com\/?post_type=product&#038;p=857"},"modified":"2024-04-07T15:02:50","modified_gmt":"2024-04-07T13:02:50","slug":"hlace-zenske-kapri-sa-dzepom","status":"publish","type":"product","link":"https:\/\/www.dino-odjeca.com\/?product=hlace-zenske-kapri-sa-dzepom","title":{"rendered":"Hla\u010de \u017eenske kapri sa d\u017eepom"},"content":{"rendered":"<p>Hla\u010de kapri \u017eenskog dubokog kroja sa d\u017eepovima i prorezom na dnu nogavica.<br \/>\nSastav materijala: 95% Pamuk 5% Elastan<br \/>\nHla\u010de su ugodne za no\u0161enje, ne stvara se piling (mucanje materijala).<\/p>\n","protected":false},"excerpt":{"rendered":"<p>Hla\u010de kapri \u017eenskog dubokog kroja sa d\u017eepovima i prorezom na dnu nogavica. Sastav materijala: 95% Pamuk 5% Elastan Hla\u010de su ugodne za no\u0161enje, ne stvara se piling (mucanje materijala).<\/p>\n","protected":false},"featured_media":860,"comment_status":"open","ping_status":"closed","template":"","meta":[],"product_brand":[],"product_cat":[19],"product_tag":[],"class_list":{"0":"post-857","1":"product","2":"type-product","3":"status-publish","4":"has-post-thumbnail","6":"product_cat-zensko-trenirke-hlace-majice-tajice-tunike","8":"first","9":"instock","10":"taxable","11":"shipping-taxable","12":"purchasable","13":"product-type-variable"},"_links":{"self":[{"href":"https:\/\/www.dino-odjeca.com\/index.php?rest_route=\/wp\/v2\/product\/857","targetHints":{"allow":["GET"]}}],"collection":[{"href":"https:\/\/www.dino-odjeca.com\/index.php?rest_route=\/wp\/v2\/product"}],"about":[{"href":"https:\/\/www.dino-odjeca.com\/index.php?rest_route=\/wp\/v2\/types\/product"}],"replies":[{"embeddable":true,"href":"https:\/\/www.dino-odjeca.com\/index.php?rest_route=%2Fwp%2Fv2%2Fcomments&post=857"}],"wp:featuredmedia":[{"embeddable":true,"href":"https:\/\/www.dino-odjeca.com\/index.php?rest_route=\/wp\/v2\/media\/860"}],"wp:attachment":[{"href":"https:\/\/www.dino-odjeca.com\/index.php?rest_route=%2Fwp%2Fv2%2Fmedia&parent=857"}],"wp:term":[{"taxonomy":"product_brand","embeddable":true,"href":"https:\/\/www.dino-odjeca.com\/index.php?rest_route=%2Fwp%2Fv2%2Fproduct_brand&post=857"},{"taxonomy":"product_cat","embeddable":true,"href":"https:\/\/www.dino-odjeca.com\/index.php?rest_route=%2Fwp%2Fv2%2Fproduct_cat&post=857"},{"taxonomy":"product_tag","embeddable":true,"href":"https:\/\/www.dino-odjeca.com\/index.php?rest_route=%2Fwp%2Fv2%2Fproduct_tag&post=857"}],"curies":[{"name":"wp","href":"https:\/\/api.w.org\/{rel}","templated":true}]}}