{"id":864,"date":"2020-05-09T08:06:36","date_gmt":"2020-05-09T08:06:36","guid":{"rendered":"https:\/\/www.dino-odjeca.com\/?post_type=product&#038;p=864"},"modified":"2024-04-07T15:01:50","modified_gmt":"2024-04-07T13:01:50","slug":"hlace-zenske-kapri-bez-dzepova","status":"publish","type":"product","link":"https:\/\/www.dino-odjeca.com\/?product=hlace-zenske-kapri-bez-dzepova","title":{"rendered":"Hla\u010de \u017eenske kapri bez d\u017eepova"},"content":{"rendered":"","protected":false},"excerpt":{"rendered":"<p>Hla\u010de kapri \u017eenskog dubokog kroja bez d\u017eepova sa prorezom na dnu nogavica.<br \/>\nSastav materijala: 95% Pamuk 5% Elastan<br \/>\nHla\u010de su ugodne za no\u0161enje, ne stvara se piling (mucanje materijala).<\/p>\n","protected":false},"featured_media":859,"comment_status":"open","ping_status":"closed","template":"","meta":[],"product_brand":[],"product_cat":[19],"product_tag":[],"class_list":{"0":"post-864","1":"product","2":"type-product","3":"status-publish","4":"has-post-thumbnail","6":"product_cat-zensko-trenirke-hlace-majice-tajice-tunike","8":"first","9":"instock","10":"taxable","11":"shipping-taxable","12":"purchasable","13":"product-type-variable"},"_links":{"self":[{"href":"https:\/\/www.dino-odjeca.com\/index.php?rest_route=\/wp\/v2\/product\/864","targetHints":{"allow":["GET"]}}],"collection":[{"href":"https:\/\/www.dino-odjeca.com\/index.php?rest_route=\/wp\/v2\/product"}],"about":[{"href":"https:\/\/www.dino-odjeca.com\/index.php?rest_route=\/wp\/v2\/types\/product"}],"replies":[{"embeddable":true,"href":"https:\/\/www.dino-odjeca.com\/index.php?rest_route=%2Fwp%2Fv2%2Fcomments&post=864"}],"wp:featuredmedia":[{"embeddable":true,"href":"https:\/\/www.dino-odjeca.com\/index.php?rest_route=\/wp\/v2\/media\/859"}],"wp:attachment":[{"href":"https:\/\/www.dino-odjeca.com\/index.php?rest_route=%2Fwp%2Fv2%2Fmedia&parent=864"}],"wp:term":[{"taxonomy":"product_brand","embeddable":true,"href":"https:\/\/www.dino-odjeca.com\/index.php?rest_route=%2Fwp%2Fv2%2Fproduct_brand&post=864"},{"taxonomy":"product_cat","embeddable":true,"href":"https:\/\/www.dino-odjeca.com\/index.php?rest_route=%2Fwp%2Fv2%2Fproduct_cat&post=864"},{"taxonomy":"product_tag","embeddable":true,"href":"https:\/\/www.dino-odjeca.com\/index.php?rest_route=%2Fwp%2Fv2%2Fproduct_tag&post=864"}],"curies":[{"name":"wp","href":"https:\/\/api.w.org\/{rel}","templated":true}]}}