{"id":922,"date":"2020-05-09T12:58:56","date_gmt":"2020-05-09T12:58:56","guid":{"rendered":"https:\/\/www.dino-odjeca.com\/?post_type=product&#038;p=922"},"modified":"2023-06-01T11:41:26","modified_gmt":"2023-06-01T09:41:26","slug":"majica-selfie","status":"publish","type":"product","link":"https:\/\/www.dino-odjeca.com\/?product=majica-selfie","title":{"rendered":"Majica selfie"},"content":{"rendered":"<p>Majica je izra\u0111ena od \u010de\u0161ljanog pamuka. Postojana u pranju , ugodna i prozra\u010dna i za najtoplijih dana.<br \/>\nSirovinski sastav: 100% Pamuk<\/p>\n<p>Osim ponu\u0111enih majica sa vezenim (\u0161tik) motivima, mo\u017ee se naru\u010diti motiv, veli\u010dina i boja majice po Va\u0161em izboru.<\/p>\n","protected":false},"excerpt":{"rendered":"<p>Majica je izra\u0111ena od \u010de\u0161ljanog pamuka. Postojana u pranju , ugodna i prozra\u010dna i za najtoplijih dana. Sirovinski sastav: 100% Pamuk Osim ponu\u0111enih majica sa vezenim (\u0161tik) motivima, mo\u017ee se naru\u010diti motiv, veli\u010dina i boja majice po Va\u0161em izboru.<\/p>\n","protected":false},"featured_media":924,"comment_status":"open","ping_status":"closed","template":"","meta":[],"product_brand":[],"product_cat":[20],"product_tag":[],"class_list":{"0":"post-922","1":"product","2":"type-product","3":"status-publish","4":"has-post-thumbnail","6":"product_cat-djevojcice","8":"first","9":"instock","10":"taxable","11":"shipping-taxable","12":"purchasable","13":"product-type-variable"},"_links":{"self":[{"href":"https:\/\/www.dino-odjeca.com\/index.php?rest_route=\/wp\/v2\/product\/922","targetHints":{"allow":["GET"]}}],"collection":[{"href":"https:\/\/www.dino-odjeca.com\/index.php?rest_route=\/wp\/v2\/product"}],"about":[{"href":"https:\/\/www.dino-odjeca.com\/index.php?rest_route=\/wp\/v2\/types\/product"}],"replies":[{"embeddable":true,"href":"https:\/\/www.dino-odjeca.com\/index.php?rest_route=%2Fwp%2Fv2%2Fcomments&post=922"}],"wp:featuredmedia":[{"embeddable":true,"href":"https:\/\/www.dino-odjeca.com\/index.php?rest_route=\/wp\/v2\/media\/924"}],"wp:attachment":[{"href":"https:\/\/www.dino-odjeca.com\/index.php?rest_route=%2Fwp%2Fv2%2Fmedia&parent=922"}],"wp:term":[{"taxonomy":"product_brand","embeddable":true,"href":"https:\/\/www.dino-odjeca.com\/index.php?rest_route=%2Fwp%2Fv2%2Fproduct_brand&post=922"},{"taxonomy":"product_cat","embeddable":true,"href":"https:\/\/www.dino-odjeca.com\/index.php?rest_route=%2Fwp%2Fv2%2Fproduct_cat&post=922"},{"taxonomy":"product_tag","embeddable":true,"href":"https:\/\/www.dino-odjeca.com\/index.php?rest_route=%2Fwp%2Fv2%2Fproduct_tag&post=922"}],"curies":[{"name":"wp","href":"https:\/\/api.w.org\/{rel}","templated":true}]}}